{"id":43,"date":"2024-03-28T10:37:53","date_gmt":"2024-03-28T09:37:53","guid":{"rendered":"https:\/\/www.certifacademie.fr\/?page_id=43"},"modified":"2024-03-28T10:42:32","modified_gmt":"2024-03-28T09:42:32","slug":"mentions-legales","status":"publish","type":"page","link":"https:\/\/www.certifacademie.fr\/?page_id=43","title":{"rendered":"Mentions l\u00e9gales"},"content":{"rendered":"L\u2019adresse de notre site est : https:\/\/ltlblkc.cluster028.hosting.ovh.net\/thermostat-gratuit.fr\n\n<!-- \/wp:post-content --><!-- wp:paragraph -->\n\n<strong>MENTIONS LEGALES :<\/strong>\n\n<!-- \/wp:paragraph --><!-- wp:paragraph -->\n\nCorrespondant aux directives de l\u2019article 6-III et 19 de la Loi n* 2004-575 du 21 juin 2004 pour la Confiance en l\u2019\u00e9conomie num\u00e9rique, dite L.C.E.N., nous informons les visiteurs du site web : thermostat-gratuit.fr Les infos qui suivent :\n\n<!-- \/wp:paragraph --><!-- wp:paragraph -->\n<p style=\"text-align: left;\"><strong>1. Bulletin l\u00e9gales :<\/strong><\/p>\n<!-- \/wp:paragraph --><!-- wp:paragraph -->\n\nLe www.thermostat-gratuit.fr est la propri\u00e9t\u00e9 exclusive de SARL Soelys, qui l\u2019\u00e9dite.\n\n<!-- \/wp:paragraph --><!-- wp:paragraph -->\n\nSARL Soelys \u2013 N*TEL : 04 78 05 32 65\n\n<!-- \/wp:paragraph --><!-- wp:paragraph -->\n\n12 Bis rue Louis Maynard 69100 Villeurbanne\n\n<!-- \/wp:paragraph --><!-- wp:paragraph -->\n\nInscrite au Registre du Commerce et des Soci\u00e9t\u00e9s au num\u00e9ro 75002292300023\n\n<!-- \/wp:paragraph --><!-- wp:paragraph -->\n\nN*TVA : FR36750022923\n\n<!-- \/wp:paragraph --><!-- wp:paragraph -->\n\nAdresse email : info@soelys.fr\n\n<!-- \/wp:paragraph --><!-- wp:paragraph -->\n\nLe Cr\u00e9ateur du site web est : Sarl Soelys\n\n<!-- \/wp:paragraph --><!-- wp:paragraph -->\n\nD\u00e9cideur de la publication est : Sarl Soelys\n\n<!-- \/wp:paragraph --><!-- wp:paragraph -->\n\nDe quelle fa\u00e7on contacter le Responsable de publication : info@soelys.fr\n\n<!-- \/wp:paragraph --><!-- wp:paragraph -->\n\nLe Concepteur est : Sarl Soelys\n\n<!-- \/wp:paragraph --><!-- wp:paragraph -->\n\nOu entrer en contact avec le D\u00e9veloppeur : info@soelys.fr\n\n<!-- \/wp:paragraph --><!-- wp:paragraph -->\n\nEntreprise qui assure l\u2019h\u00e9bergement : OVH\n\n<!-- \/wp:paragraph --><!-- wp:paragraph -->\n\nSAS\n\n<!-- \/wp:paragraph --><!-- wp:paragraph -->\n\nRCS Lille M\u00e9tropole 424 761 419 00045\n\n<!-- \/wp:paragraph --><!-- wp:paragraph -->\n\nCode APE (INSEE) 2620Z\n\n<!-- \/wp:paragraph --><!-- wp:paragraph -->\n\nNum\u00e9ro de TVA : FR 22 424 761 419\n\n<!-- \/wp:paragraph --><!-- wp:paragraph -->\n\nSi\u00e8ge Sociale de l\u2019h\u00e9bergeur : 2 rue Kellermann \u2013 59100 Roubaix \u2013 France\n\n<!-- \/wp:paragraph --><!-- wp:paragraph -->\n\n<strong>2. Pr\u00e9sentation et principe :<\/strong>\n\n<!-- \/wp:paragraph --><!-- wp:paragraph -->\n\nTout internaute qui utilise le site : www.thermostat-gratuit.fr est consid\u00e9r\u00e9 comme usager du site suivant.\n\n<!-- \/wp:paragraph --><!-- wp:paragraph -->\n\nLe site suivant www.thermostat-gratuit.fr regroupe un ensemble de services, en l\u2019\u00e9tat, mis \u00e0 la disposition des utilisateur. Il est ici pr\u00e9cis\u00e9 que ceux-ci doivent rester courtois et faire preuve de bonne foi tant envers les autres usag\u00e9s qu\u2019envers le R\u00e9alisateur du site www.thermostat-gratuit.fr. Le site www.thermostat-gratuit.fr est actualis\u00e9 r\u00e9guli\u00e8rement par Sarl Soelys.\n\n<!-- \/wp:paragraph --><!-- wp:paragraph -->\n\nSarl Soelys s\u2019efforce de prescrire sur le site soelys.fr des informations les plus r\u00e9alistes possibles (sous r\u00e9serve de modifications), mais ne saurait attester l\u2019exactitude, la finitude et l\u2019actualit\u00e9 des informations transmises sur son site internet, qu\u2019elles soient ou non de son fait. En cons\u00e9quence, l\u2019utilisateur reconna\u00eet utiliser ces informations fournies sous sa responsabilit\u00e9 exclusive.\n\n<!-- \/wp:paragraph --><!-- wp:paragraph -->\n\n<strong>3. Accessibilit\u00e9 Num\u00e9rique :<\/strong>\n\n<!-- \/wp:paragraph --><!-- wp:paragraph -->\n\nLe site suivant soelys.fr est principalement accessible aux utilisateurs 24\/7, except\u00e9 en cas d\u2019interruption, programm\u00e9e ou pas, pour les besoins de la mise \u00e0 jour ou en cas de force majeure. En cas de service indisponible, www.thermostat-gratuit.fr se d\u00e9vouera \u00e0 faire de son mieux afin de r\u00e9tablir l\u2019acc\u00e8s au site et s\u2019efforcera alors d\u2019informer pr\u00e9alablement aux utilisateurs les dates et heures de l\u2019intervention. N\u2019\u00e9tant subordonn\u00e9 qu\u2019\u00e0 une obligation de moyen, soelys.fr ne pourrait \u00eatre tenu pour responsable des dommages, quelle qu\u2019en soit la nature.\n\n<!-- \/wp:paragraph --><!-- wp:paragraph -->\n\n<strong>4. Droit de propri\u00e9t\u00e9 intellectuelle :<\/strong>\n\n<!-- \/wp:paragraph --><!-- wp:paragraph -->\n\nSarl Soelys est le propri\u00e9taire exclusif de tous les droits de propri\u00e9t\u00e9 intellectuelle ou d\u00e9tient les droits d\u2019usage sur l\u2019int\u00e9gralit\u00e9 des \u00e9l\u00e9ments accessibles sur le site suivant, tant structurellement que sur les textes, , graphismes, logo, bande sonore, logiciels etc\u2026\n\n<!-- \/wp:paragraph --><!-- wp:paragraph -->\n\nToute reproduction totale ou partielle du site www.thermostat-gratuit.fr, affichage, modification, adaptation totale ou partielle de l\u2019un de ces \u00e9l\u00e9ments, sans tenir compte du moyen ou le proc\u00e9d\u00e9 utilis\u00e9, est interdite, except\u00e9 autorisation \u00e9crite pr\u00e9alable de Sarl Soelys, responsable du site web m\u00eame partielle du site web soelys.fr, affichage, modification, adaptation totale ou partielle de l\u2019un quelconque de ces \u00e9l\u00e9ments, quel que soit le moyen ou la technique utilis\u00e9, est interdite, except\u00e9 autorisation \u00e9crite pr\u00e9alable de Sarl Soelys, propri\u00e9taire du site suivant au mail suivant : info@soelys.fr, dans le cas contraire elle sera d\u00e9sign\u00e9 de la m\u00eame mani\u00e8re qu\u2019une contrefa\u00e7on et passible de poursuite conform\u00e9ment aux dispositions des multiples articles L.335-2 et suivants du Code de Propri\u00e9t\u00e9 Intellectuelle.\n\n<!-- \/wp:paragraph --><!-- wp:paragraph -->\n\n<strong>5. Cookies et Liens Hypertextes :<\/strong>\n\n<!-- \/wp:paragraph --><!-- wp:paragraph -->\n\nLe site www.thermostat-gratuit.fr contient diff\u00e9rents liens hypertextes vers plusieurs sites (partenaires, informations etc) mis en place suite \u00e0 l\u2019accord de Sarl Soelys. N\u00e9anmoins, Sarl Soelys ne peut pas contr\u00f4ler l\u2019int\u00e9gralit\u00e9 des \u00e9l\u00e9ments des diff\u00e9rents sites ainsi consult\u00e9s et d\u00e9cline donc toute responsabilit\u00e9 de ce fait quand aux risques \u00e9ventuels de contenus interdits.\n\n<!-- \/wp:paragraph --><!-- wp:paragraph -->\n\nL\u2019usager est donc tenu inform\u00e9 que durant de ses utilisations sur le site www.thermostat-gratuit.fr, un ou des cookies peuvent s\u2019installer automatiquement sur son pc en utilisant son logiciel de navigation. Un cookie c\u2019est un ensemble de donn\u00e9es informatique qui ne permet pas d\u2019identifier l\u2019utilisateur, n\u00e9anmoins qui r\u00e9pertorie des indications relatives \u00e0 la navigation de l\u2019utilisateur sur le site interne.\n\n<!-- \/wp:paragraph --><!-- wp:paragraph -->\n\nLa configuration du programme de navigation tol\u00e8re d\u2019informer de la pr\u00e9sence de cookie et potentiellement, de pouvoir rejeter de la fa\u00e7on d\u00e9crite \u00e0 l\u2019 adresse suivante : www.thermostat-gratuit.fr. La mise en place \u00e0 la possibilit\u00e9 toutefois de r\u00e9gler le navigateur de son ordinateur de fa\u00e7on \u00e0 contester la mise en place des cookies, \u00e9tant conscient que le rebut de la mise en place d\u2019un cookie peut potentiellement entra\u00eener l\u2019incapacit\u00e9 d\u2019avoir acc\u00e8s \u00e0 diff\u00e9rents services. Concernant tout barrage de cookies, recherchez dans votre outil de recherche : blocage des cookies et suivez les instructions en lien avec votre version de navigateur.","protected":false},"excerpt":{"rendered":"<p>L\u2019adresse de notre site est : https:\/\/ltlblkc.cluster028.hosting.ovh.net\/thermostat-gratuit.fr MENTIONS LEGALES : Correspondant aux directives de l\u2019article 6-III et 19 de la Loi n* 2004-575 du 21 juin 2004 pour la Confiance en l\u2019\u00e9conomie num\u00e9rique, dite L.C.E.N., nous informons les visiteurs du site web : thermostat-gratuit.fr Les infos qui suivent : 1. Bulletin l\u00e9gales : Le www.thermostat-gratuit.fr [&hellip;]<\/p>\n","protected":false},"author":1,"featured_media":0,"parent":0,"menu_order":0,"comment_status":"closed","ping_status":"closed","template":"","meta":{"footnotes":""},"class_list":["post-43","page","type-page","status-publish","hentry"],"yoast_head":"<!-- This site is optimized with the Yoast SEO plugin v22.3 - https:\/\/yoast.com\/wordpress\/plugins\/seo\/ -->\n<title>Mentions l\u00e9gales - Thermostat-gratuit.fr<\/title>\n<meta name=\"robots\" content=\"index, follow, max-snippet:-1, max-image-preview:large, max-video-preview:-1\" \/>\n<link rel=\"canonical\" href=\"https:\/\/www.certifacademie.fr\/?page_id=43\" \/>\n<meta property=\"og:locale\" content=\"fr_FR\" \/>\n<meta property=\"og:type\" content=\"article\" \/>\n<meta property=\"og:title\" content=\"Mentions l\u00e9gales - Thermostat-gratuit.fr\" \/>\n<meta property=\"og:description\" content=\"L\u2019adresse de notre site est : https:\/\/ltlblkc.cluster028.hosting.ovh.net\/thermostat-gratuit.fr MENTIONS LEGALES : Correspondant aux directives de l\u2019article 6-III et 19 de la Loi n* 2004-575 du 21 juin 2004 pour la Confiance en l\u2019\u00e9conomie num\u00e9rique, dite L.C.E.N., nous informons les visiteurs du site web : thermostat-gratuit.fr Les infos qui suivent : 1. Bulletin l\u00e9gales : Le www.thermostat-gratuit.fr [&hellip;]\" \/>\n<meta property=\"og:url\" content=\"https:\/\/www.certifacademie.fr\/?page_id=43\" \/>\n<meta property=\"og:site_name\" content=\"Thermostat-gratuit.fr\" \/>\n<meta property=\"article:modified_time\" content=\"2024-03-28T09:42:32+00:00\" \/>\n<meta name=\"twitter:card\" content=\"summary_large_image\" \/>\n<meta name=\"twitter:label1\" content=\"Dur\u00e9e de lecture estim\u00e9e\" \/>\n\t<meta name=\"twitter:data1\" content=\"4 minutes\" \/>\n<script type=\"application\/ld+json\" class=\"yoast-schema-graph\">{\"@context\":\"https:\/\/schema.org\",\"@graph\":[{\"@type\":\"WebPage\",\"@id\":\"https:\/\/www.certifacademie.fr\/?page_id=43\",\"url\":\"https:\/\/www.certifacademie.fr\/?page_id=43\",\"name\":\"Mentions l\u00e9gales - Thermostat-gratuit.fr\",\"isPartOf\":{\"@id\":\"https:\/\/www.certifacademie.fr\/#website\"},\"datePublished\":\"2024-03-28T09:37:53+00:00\",\"dateModified\":\"2024-03-28T09:42:32+00:00\",\"breadcrumb\":{\"@id\":\"https:\/\/www.certifacademie.fr\/?page_id=43#breadcrumb\"},\"inLanguage\":\"fr-FR\",\"potentialAction\":[{\"@type\":\"ReadAction\",\"target\":[\"https:\/\/www.certifacademie.fr\/?page_id=43\"]}]},{\"@type\":\"BreadcrumbList\",\"@id\":\"https:\/\/www.certifacademie.fr\/?page_id=43#breadcrumb\",\"itemListElement\":[{\"@type\":\"ListItem\",\"position\":1,\"name\":\"Accueil\",\"item\":\"https:\/\/www.certifacademie.fr\/\"},{\"@type\":\"ListItem\",\"position\":2,\"name\":\"Mentions l\u00e9gales\"}]},{\"@type\":\"WebSite\",\"@id\":\"https:\/\/www.certifacademie.fr\/#website\",\"url\":\"https:\/\/www.certifacademie.fr\/\",\"name\":\"Thermostat-gratuit.fr\",\"description\":\"Maitrisez votre confort, sans frais\",\"potentialAction\":[{\"@type\":\"SearchAction\",\"target\":{\"@type\":\"EntryPoint\",\"urlTemplate\":\"https:\/\/www.certifacademie.fr\/?s={search_term_string}\"},\"query-input\":\"required name=search_term_string\"}],\"inLanguage\":\"fr-FR\"}]}<\/script>\n<!-- \/ Yoast SEO plugin. -->","yoast_head_json":{"title":"Mentions l\u00e9gales - Thermostat-gratuit.fr","robots":{"index":"index","follow":"follow","max-snippet":"max-snippet:-1","max-image-preview":"max-image-preview:large","max-video-preview":"max-video-preview:-1"},"canonical":"https:\/\/www.certifacademie.fr\/?page_id=43","og_locale":"fr_FR","og_type":"article","og_title":"Mentions l\u00e9gales - Thermostat-gratuit.fr","og_description":"L\u2019adresse de notre site est : https:\/\/ltlblkc.cluster028.hosting.ovh.net\/thermostat-gratuit.fr MENTIONS LEGALES : Correspondant aux directives de l\u2019article 6-III et 19 de la Loi n* 2004-575 du 21 juin 2004 pour la Confiance en l\u2019\u00e9conomie num\u00e9rique, dite L.C.E.N., nous informons les visiteurs du site web : thermostat-gratuit.fr Les infos qui suivent : 1. Bulletin l\u00e9gales : Le www.thermostat-gratuit.fr [&hellip;]","og_url":"https:\/\/www.certifacademie.fr\/?page_id=43","og_site_name":"Thermostat-gratuit.fr","article_modified_time":"2024-03-28T09:42:32+00:00","twitter_card":"summary_large_image","twitter_misc":{"Dur\u00e9e de lecture estim\u00e9e":"4 minutes"},"schema":{"@context":"https:\/\/schema.org","@graph":[{"@type":"WebPage","@id":"https:\/\/www.certifacademie.fr\/?page_id=43","url":"https:\/\/www.certifacademie.fr\/?page_id=43","name":"Mentions l\u00e9gales - Thermostat-gratuit.fr","isPartOf":{"@id":"https:\/\/www.certifacademie.fr\/#website"},"datePublished":"2024-03-28T09:37:53+00:00","dateModified":"2024-03-28T09:42:32+00:00","breadcrumb":{"@id":"https:\/\/www.certifacademie.fr\/?page_id=43#breadcrumb"},"inLanguage":"fr-FR","potentialAction":[{"@type":"ReadAction","target":["https:\/\/www.certifacademie.fr\/?page_id=43"]}]},{"@type":"BreadcrumbList","@id":"https:\/\/www.certifacademie.fr\/?page_id=43#breadcrumb","itemListElement":[{"@type":"ListItem","position":1,"name":"Accueil","item":"https:\/\/www.certifacademie.fr\/"},{"@type":"ListItem","position":2,"name":"Mentions l\u00e9gales"}]},{"@type":"WebSite","@id":"https:\/\/www.certifacademie.fr\/#website","url":"https:\/\/www.certifacademie.fr\/","name":"Thermostat-gratuit.fr","description":"Maitrisez votre confort, sans frais","potentialAction":[{"@type":"SearchAction","target":{"@type":"EntryPoint","urlTemplate":"https:\/\/www.certifacademie.fr\/?s={search_term_string}"},"query-input":"required name=search_term_string"}],"inLanguage":"fr-FR"}]}},"_links":{"self":[{"href":"https:\/\/www.certifacademie.fr\/index.php?rest_route=\/wp\/v2\/pages\/43","targetHints":{"allow":["GET"]}}],"collection":[{"href":"https:\/\/www.certifacademie.fr\/index.php?rest_route=\/wp\/v2\/pages"}],"about":[{"href":"https:\/\/www.certifacademie.fr\/index.php?rest_route=\/wp\/v2\/types\/page"}],"author":[{"embeddable":true,"href":"https:\/\/www.certifacademie.fr\/index.php?rest_route=\/wp\/v2\/users\/1"}],"replies":[{"embeddable":true,"href":"https:\/\/www.certifacademie.fr\/index.php?rest_route=%2Fwp%2Fv2%2Fcomments&post=43"}],"version-history":[{"count":2,"href":"https:\/\/www.certifacademie.fr\/index.php?rest_route=\/wp\/v2\/pages\/43\/revisions"}],"predecessor-version":[{"id":46,"href":"https:\/\/www.certifacademie.fr\/index.php?rest_route=\/wp\/v2\/pages\/43\/revisions\/46"}],"wp:attachment":[{"href":"https:\/\/www.certifacademie.fr\/index.php?rest_route=%2Fwp%2Fv2%2Fmedia&parent=43"}],"curies":[{"name":"wp","href":"https:\/\/api.w.org\/{rel}","templated":true}]}}